{"id":145,"date":"2018-02-03T20:36:20","date_gmt":"2018-02-03T20:36:20","guid":{"rendered":"http:\/\/www.sss-web.hu\/kneys\/?page_id=145"},"modified":"2018-02-03T20:36:20","modified_gmt":"2018-02-03T20:36:20","slug":"dokumentumtar","status":"publish","type":"page","link":"http:\/\/ejha-halozat.hu\/index.php\/dokumentumtar\/","title":{"rendered":"Dokumentumt\u00e1r"},"content":{"rendered":"<p>Ide sziv\u00e1rogtatjuk ki az \u00f6ssze, \u00e1ltalunk megszerzett doksit!<\/p>\n","protected":false},"excerpt":{"rendered":"<p>Ide sziv\u00e1rogtatjuk ki az \u00f6ssze, \u00e1ltalunk megszerzett doksit!<\/p>\n","protected":false},"author":1,"featured_media":0,"parent":0,"menu_order":0,"comment_status":"closed","ping_status":"closed","template":"","meta":[],"_links":{"self":[{"href":"http:\/\/ejha-halozat.hu\/index.php\/wp-json\/wp\/v2\/pages\/145"}],"collection":[{"href":"http:\/\/ejha-halozat.hu\/index.php\/wp-json\/wp\/v2\/pages"}],"about":[{"href":"http:\/\/ejha-halozat.hu\/index.php\/wp-json\/wp\/v2\/types\/page"}],"author":[{"embeddable":true,"href":"http:\/\/ejha-halozat.hu\/index.php\/wp-json\/wp\/v2\/users\/1"}],"replies":[{"embeddable":true,"href":"http:\/\/ejha-halozat.hu\/index.php\/wp-json\/wp\/v2\/comments?post=145"}],"version-history":[{"count":1,"href":"http:\/\/ejha-halozat.hu\/index.php\/wp-json\/wp\/v2\/pages\/145\/revisions"}],"predecessor-version":[{"id":148,"href":"http:\/\/ejha-halozat.hu\/index.php\/wp-json\/wp\/v2\/pages\/145\/revisions\/148"}],"wp:attachment":[{"href":"http:\/\/ejha-halozat.hu\/index.php\/wp-json\/wp\/v2\/media?parent=145"}],"curies":[{"name":"wp","href":"https:\/\/api.w.org\/{rel}","templated":true}]}}